{"id":4078,"date":"2022-04-26T18:35:01","date_gmt":"2022-04-26T18:35:01","guid":{"rendered":"https:\/\/reci-education.ch\/mentions-legales\/"},"modified":"2026-01-19T12:27:46","modified_gmt":"2026-01-19T12:27:46","slug":"mentions-legales","status":"publish","type":"page","link":"https:\/\/reci-fobbiz.ch\/fr\/mentions-legales\/","title":{"rendered":"Mentions l\u00e9gales"},"content":{"rendered":"\t\t<div data-elementor-type=\"wp-page\" data-elementor-id=\"4078\" class=\"elementor elementor-4078 elementor-511\" data-elementor-post-type=\"page\">\n\t\t\t\t\t\t<section class=\"elementor-section elementor-top-section elementor-element elementor-element-5cfb720 elementor-section-boxed elementor-section-height-default elementor-section-height-default\" data-id=\"5cfb720\" data-element_type=\"section\" data-e-type=\"section\">\n\t\t\t\t\t\t<div class=\"elementor-container elementor-column-gap-default\">\n\t\t\t\t\t<div class=\"elementor-column elementor-col-100 elementor-top-column elementor-element elementor-element-99e298f\" data-id=\"99e298f\" data-element_type=\"column\" data-e-type=\"column\">\n\t\t\t<div class=\"elementor-widget-wrap elementor-element-populated\">\n\t\t\t\t\t\t<div class=\"elementor-element elementor-element-6ab9ccc elementor-widget elementor-widget-text-editor\" data-id=\"6ab9ccc\" data-element_type=\"widget\" data-e-type=\"widget\" data-widget_type=\"text-editor.default\">\n\t\t\t\t<div class=\"elementor-widget-container\">\n\t\t\t\t\t\t\t\t\t<h1>Mentions l\u00e9gales<\/h1>\t\t\t\t\t\t\t\t<\/div>\n\t\t\t\t<\/div>\n\t\t\t\t<div class=\"elementor-element elementor-element-62f1f3f elementor-widget elementor-widget-text-editor\" data-id=\"62f1f3f\" data-element_type=\"widget\" data-e-type=\"widget\" data-widget_type=\"text-editor.default\">\n\t\t\t\t<div class=\"elementor-widget-container\">\n\t\t\t\t\t\t\t\t\t<h3>Adresse<\/h3><p>RECI<br \/>Route de Recolaine 7<br \/>2824 Vicques, Suisse<br \/>Forme juridique: association<\/p><p><strong>\u00c9quipe web<br \/><\/strong>Logo et design: Helen Schulter<br \/>Conception et d\u00e9veloppement du site web: Patrick Ruh | <a href=\"https:\/\/wp-wizard.de\">wp-wizard.de<\/a><br \/>Textes: RECI<br \/>Photographie: RECI, RECI&rsquo;s members, autres<br \/><br \/><br \/><\/p><h3>Droits d&rsquo;auteur<\/h3><p>Les contenus publi\u00e9s sur ce site web, tels que les textes, les photographies, les images et les documents, sont soumis au droit d&rsquo;auteur suisse Tous les contenus du site web appartiennent au RECI ou aux titulaires de droits sp\u00e9cialement cit\u00e9s. La reproduction, le traitement, la diffusion et toute forme d&rsquo;exploitation en dehors des limites du droit d&rsquo;auteur requi\u00e8rent l&rsquo;accord \u00e9crit de l&rsquo;auteur ou du cr\u00e9ateur concern\u00e9. Les t\u00e9l\u00e9chargements et les copies de ce site web ne sont autoris\u00e9s que pour un usage priv\u00e9 et non commercial.<br \/>Les contenus de tiers sont identifi\u00e9s comme tels. Si vous deviez n\u00e9anmoins constater une violation des droits d&rsquo;auteur, nous vous prions de nous en informer.<br \/><br \/><br \/><\/p><h3>Limitation de responsabilit\u00e9<\/h3><p>Nous nous effor\u00e7ons de mettre \u00e0 disposition sur ce site web des informations correctes et compl\u00e8tes. Toutefois, dans la mesure o\u00f9 la loi le permet, le RECI n&rsquo;assume aucune responsabilit\u00e9 ou garantie quant \u00e0 l&rsquo;actualit\u00e9, l&rsquo;exhaustivit\u00e9 et l&rsquo;exactitude des informations et offres mises \u00e0 disposition.<\/p>\t\t\t\t\t\t\t\t<\/div>\n\t\t\t\t<\/div>\n\t\t\t\t\t<\/div>\n\t\t<\/div>\n\t\t\t\t\t<\/div>\n\t\t<\/section>\n\t\t\t\t<\/div>\n\t\t","protected":false},"excerpt":{"rendered":"<p>Mentions l\u00e9gales Adresse RECIRoute de Recolaine 72824 Vicques, SuisseForme juridique: association \u00c9quipe webLogo et design: Helen SchulterConception et d\u00e9veloppement du site web: Patrick Ruh | wp-wizard.deTextes: RECIPhotographie: RECI, RECI&rsquo;s members, autres Droits d&rsquo;auteur Les contenus publi\u00e9s sur ce site web, tels que les textes, les photographies, les images et les documents, sont soumis au droit [&hellip;]<\/p>\n","protected":false},"author":1,"featured_media":0,"parent":0,"menu_order":0,"comment_status":"closed","ping_status":"closed","template":"","meta":{"_acf_changed":false,"footnotes":""},"class_list":["post-4078","page","type-page","status-publish","hentry","wpbf-post"],"acf":[],"yoast_head":"<!-- This site is optimized with the Yoast SEO Premium plugin v26.2 (Yoast SEO v27.2) - https:\/\/yoast.com\/product\/yoast-seo-premium-wordpress\/ -->\n<title>RECI | Mentions l\u00e9gales<\/title>\n<meta name=\"robots\" content=\"index, follow, max-snippet:-1, max-image-preview:large, max-video-preview:-1\" \/>\n<link rel=\"canonical\" href=\"https:\/\/reci-fobbiz.ch\/fr\/mentions-legales\/\" \/>\n<meta property=\"og:locale\" content=\"fr_FR\" \/>\n<meta property=\"og:type\" content=\"article\" \/>\n<meta property=\"og:title\" content=\"Mentions l\u00e9gales\" \/>\n<meta property=\"og:description\" content=\"Mentions l\u00e9gales Adresse RECIRoute de Recolaine 72824 Vicques, SuisseForme juridique: association \u00c9quipe webLogo et design: Helen SchulterConception et d\u00e9veloppement du site web: Patrick Ruh | wp-wizard.deTextes: RECIPhotographie: RECI, RECI&rsquo;s members, autres Droits d&rsquo;auteur Les contenus publi\u00e9s sur ce site web, tels que les textes, les photographies, les images et les documents, sont soumis au droit [&hellip;]\" \/>\n<meta property=\"og:url\" content=\"https:\/\/reci-fobbiz.ch\/fr\/mentions-legales\/\" \/>\n<meta property=\"og:site_name\" content=\"RECI\" \/>\n<meta property=\"article:modified_time\" content=\"2026-01-19T12:27:46+00:00\" \/>\n<meta property=\"og:image\" content=\"https:\/\/reci-fobbiz.ch\/wp-content\/uploads\/2022\/04\/20220713_Logo_RECI_RGB_en.png\" \/>\n\t<meta property=\"og:image:width\" content=\"759\" \/>\n\t<meta property=\"og:image:height\" content=\"405\" \/>\n\t<meta property=\"og:image:type\" content=\"image\/png\" \/>\n<meta name=\"twitter:card\" content=\"summary_large_image\" \/>\n<meta name=\"twitter:label1\" content=\"Dur\u00e9e de lecture estim\u00e9e\" \/>\n\t<meta name=\"twitter:data1\" content=\"2 minutes\" \/>\n<script type=\"application\/ld+json\" class=\"yoast-schema-graph\">{\"@context\":\"https:\/\/schema.org\",\"@graph\":[{\"@type\":\"WebPage\",\"@id\":\"https:\/\/reci-fobbiz.ch\/fr\/mentions-legales\/\",\"url\":\"https:\/\/reci-fobbiz.ch\/fr\/mentions-legales\/\",\"name\":\"RECI | Mentions l\u00e9gales\",\"isPartOf\":{\"@id\":\"https:\/\/reci-fobbiz.ch\/fr\/#website\"},\"datePublished\":\"2022-04-26T18:35:01+00:00\",\"dateModified\":\"2026-01-19T12:27:46+00:00\",\"breadcrumb\":{\"@id\":\"https:\/\/reci-fobbiz.ch\/fr\/mentions-legales\/#breadcrumb\"},\"inLanguage\":\"fr-FR\",\"potentialAction\":[{\"@type\":\"ReadAction\",\"target\":[\"https:\/\/reci-fobbiz.ch\/fr\/mentions-legales\/\"]}]},{\"@type\":\"BreadcrumbList\",\"@id\":\"https:\/\/reci-fobbiz.ch\/fr\/mentions-legales\/#breadcrumb\",\"itemListElement\":[{\"@type\":\"ListItem\",\"position\":1,\"name\":\"Startseite\",\"item\":\"https:\/\/reci-fobbiz.ch\/fr\/\"},{\"@type\":\"ListItem\",\"position\":2,\"name\":\"Mentions l\u00e9gales\"}]},{\"@type\":\"WebSite\",\"@id\":\"https:\/\/reci-fobbiz.ch\/fr\/#website\",\"url\":\"https:\/\/reci-fobbiz.ch\/fr\/\",\"name\":\"RECI\",\"description\":\"Swiss Network for Education &amp; International Cooperation\",\"publisher\":{\"@id\":\"https:\/\/reci-fobbiz.ch\/fr\/#organization\"},\"alternateName\":\"RECI\",\"potentialAction\":[{\"@type\":\"SearchAction\",\"target\":{\"@type\":\"EntryPoint\",\"urlTemplate\":\"https:\/\/reci-fobbiz.ch\/fr\/?s={search_term_string}\"},\"query-input\":{\"@type\":\"PropertyValueSpecification\",\"valueRequired\":true,\"valueName\":\"search_term_string\"}}],\"inLanguage\":\"fr-FR\"},{\"@type\":\"Organization\",\"@id\":\"https:\/\/reci-fobbiz.ch\/fr\/#organization\",\"name\":\"RECI | Swiss Network for Education & International Cooperation\",\"alternateName\":\"RECI\",\"url\":\"https:\/\/reci-fobbiz.ch\/fr\/\",\"logo\":{\"@type\":\"ImageObject\",\"inLanguage\":\"fr-FR\",\"@id\":\"https:\/\/reci-fobbiz.ch\/fr\/#\/schema\/logo\/image\/\",\"url\":\"https:\/\/reci-fobbiz.ch\/wp-content\/uploads\/2023\/10\/Reci-Swiss-Network-for-Education-and-International-Cooperation.png\",\"contentUrl\":\"https:\/\/reci-fobbiz.ch\/wp-content\/uploads\/2023\/10\/Reci-Swiss-Network-for-Education-and-International-Cooperation.png\",\"width\":216,\"height\":216,\"caption\":\"RECI | Swiss Network for Education & International Cooperation\"},\"image\":{\"@id\":\"https:\/\/reci-fobbiz.ch\/fr\/#\/schema\/logo\/image\/\"},\"sameAs\":[\"https:\/\/www.linkedin.com\/company\/reci-swiss-network-for-education-and-international-cooperation\/\",\"https:\/\/www.youtube.com\/channel\/UCxP6ErTwaK-Z8EA7XtFiUvQ\"]}]}<\/script>\n<!-- \/ Yoast SEO Premium plugin. -->","yoast_head_json":{"title":"RECI | Mentions l\u00e9gales","robots":{"index":"index","follow":"follow","max-snippet":"max-snippet:-1","max-image-preview":"max-image-preview:large","max-video-preview":"max-video-preview:-1"},"canonical":"https:\/\/reci-fobbiz.ch\/fr\/mentions-legales\/","og_locale":"fr_FR","og_type":"article","og_title":"Mentions l\u00e9gales","og_description":"Mentions l\u00e9gales Adresse RECIRoute de Recolaine 72824 Vicques, SuisseForme juridique: association \u00c9quipe webLogo et design: Helen SchulterConception et d\u00e9veloppement du site web: Patrick Ruh | wp-wizard.deTextes: RECIPhotographie: RECI, RECI&rsquo;s members, autres Droits d&rsquo;auteur Les contenus publi\u00e9s sur ce site web, tels que les textes, les photographies, les images et les documents, sont soumis au droit [&hellip;]","og_url":"https:\/\/reci-fobbiz.ch\/fr\/mentions-legales\/","og_site_name":"RECI","article_modified_time":"2026-01-19T12:27:46+00:00","og_image":[{"width":759,"height":405,"url":"https:\/\/reci-fobbiz.ch\/wp-content\/uploads\/2022\/04\/20220713_Logo_RECI_RGB_en.png","type":"image\/png"}],"twitter_card":"summary_large_image","twitter_misc":{"Dur\u00e9e de lecture estim\u00e9e":"2 minutes"},"schema":{"@context":"https:\/\/schema.org","@graph":[{"@type":"WebPage","@id":"https:\/\/reci-fobbiz.ch\/fr\/mentions-legales\/","url":"https:\/\/reci-fobbiz.ch\/fr\/mentions-legales\/","name":"RECI | Mentions l\u00e9gales","isPartOf":{"@id":"https:\/\/reci-fobbiz.ch\/fr\/#website"},"datePublished":"2022-04-26T18:35:01+00:00","dateModified":"2026-01-19T12:27:46+00:00","breadcrumb":{"@id":"https:\/\/reci-fobbiz.ch\/fr\/mentions-legales\/#breadcrumb"},"inLanguage":"fr-FR","potentialAction":[{"@type":"ReadAction","target":["https:\/\/reci-fobbiz.ch\/fr\/mentions-legales\/"]}]},{"@type":"BreadcrumbList","@id":"https:\/\/reci-fobbiz.ch\/fr\/mentions-legales\/#breadcrumb","itemListElement":[{"@type":"ListItem","position":1,"name":"Startseite","item":"https:\/\/reci-fobbiz.ch\/fr\/"},{"@type":"ListItem","position":2,"name":"Mentions l\u00e9gales"}]},{"@type":"WebSite","@id":"https:\/\/reci-fobbiz.ch\/fr\/#website","url":"https:\/\/reci-fobbiz.ch\/fr\/","name":"RECI","description":"Swiss Network for Education &amp; International Cooperation","publisher":{"@id":"https:\/\/reci-fobbiz.ch\/fr\/#organization"},"alternateName":"RECI","potentialAction":[{"@type":"SearchAction","target":{"@type":"EntryPoint","urlTemplate":"https:\/\/reci-fobbiz.ch\/fr\/?s={search_term_string}"},"query-input":{"@type":"PropertyValueSpecification","valueRequired":true,"valueName":"search_term_string"}}],"inLanguage":"fr-FR"},{"@type":"Organization","@id":"https:\/\/reci-fobbiz.ch\/fr\/#organization","name":"RECI | Swiss Network for Education & International Cooperation","alternateName":"RECI","url":"https:\/\/reci-fobbiz.ch\/fr\/","logo":{"@type":"ImageObject","inLanguage":"fr-FR","@id":"https:\/\/reci-fobbiz.ch\/fr\/#\/schema\/logo\/image\/","url":"https:\/\/reci-fobbiz.ch\/wp-content\/uploads\/2023\/10\/Reci-Swiss-Network-for-Education-and-International-Cooperation.png","contentUrl":"https:\/\/reci-fobbiz.ch\/wp-content\/uploads\/2023\/10\/Reci-Swiss-Network-for-Education-and-International-Cooperation.png","width":216,"height":216,"caption":"RECI | Swiss Network for Education & International Cooperation"},"image":{"@id":"https:\/\/reci-fobbiz.ch\/fr\/#\/schema\/logo\/image\/"},"sameAs":["https:\/\/www.linkedin.com\/company\/reci-swiss-network-for-education-and-international-cooperation\/","https:\/\/www.youtube.com\/channel\/UCxP6ErTwaK-Z8EA7XtFiUvQ"]}]}},"_links":{"self":[{"href":"https:\/\/reci-fobbiz.ch\/fr\/wp-json\/wp\/v2\/pages\/4078","targetHints":{"allow":["GET"]}}],"collection":[{"href":"https:\/\/reci-fobbiz.ch\/fr\/wp-json\/wp\/v2\/pages"}],"about":[{"href":"https:\/\/reci-fobbiz.ch\/fr\/wp-json\/wp\/v2\/types\/page"}],"author":[{"embeddable":true,"href":"https:\/\/reci-fobbiz.ch\/fr\/wp-json\/wp\/v2\/users\/1"}],"replies":[{"embeddable":true,"href":"https:\/\/reci-fobbiz.ch\/fr\/wp-json\/wp\/v2\/comments?post=4078"}],"version-history":[{"count":6,"href":"https:\/\/reci-fobbiz.ch\/fr\/wp-json\/wp\/v2\/pages\/4078\/revisions"}],"predecessor-version":[{"id":18264,"href":"https:\/\/reci-fobbiz.ch\/fr\/wp-json\/wp\/v2\/pages\/4078\/revisions\/18264"}],"wp:attachment":[{"href":"https:\/\/reci-fobbiz.ch\/fr\/wp-json\/wp\/v2\/media?parent=4078"}],"curies":[{"name":"wp","href":"https:\/\/api.w.org\/{rel}","templated":true}]}}