{"id":44,"date":"2022-04-14T08:16:53","date_gmt":"2022-04-14T08:16:53","guid":{"rendered":"https:\/\/reci-education.ch\/?page_id=44"},"modified":"2026-02-19T09:49:11","modified_gmt":"2026-02-19T09:49:11","slug":"themen","status":"publish","type":"page","link":"https:\/\/reci-fobbiz.ch\/de\/themen\/","title":{"rendered":"Themen"},"content":{"rendered":"\t\t<div data-elementor-type=\"wp-page\" data-elementor-id=\"44\" class=\"elementor elementor-44\" data-elementor-post-type=\"page\">\n\t\t\t\t\t\t<section class=\"elementor-section elementor-top-section elementor-element elementor-element-aa7dcd5 elementor-section-stretched animated-slow elementor-section-boxed elementor-section-height-default elementor-section-height-default\" data-id=\"aa7dcd5\" data-element_type=\"section\" data-e-type=\"section\" data-settings=\"{&quot;background_background&quot;:&quot;classic&quot;,&quot;stretch_section&quot;:&quot;section-stretched&quot;,&quot;animation&quot;:&quot;none&quot;}\">\n\t\t\t\t\t\t<div class=\"elementor-container elementor-column-gap-default\">\n\t\t\t\t\t<div class=\"elementor-column elementor-col-100 elementor-top-column elementor-element elementor-element-cef0d18\" data-id=\"cef0d18\" data-element_type=\"column\" data-e-type=\"column\">\n\t\t\t<div class=\"elementor-widget-wrap elementor-element-populated\">\n\t\t\t\t\t\t<div class=\"elementor-element elementor-element-f0b1db2 elementor-widget elementor-widget-text-editor\" data-id=\"f0b1db2\" data-element_type=\"widget\" data-e-type=\"widget\" data-widget_type=\"text-editor.default\">\n\t\t\t\t<div class=\"elementor-widget-container\">\n\t\t\t\t\t\t\t\t\t<h1 style=\"color: white;\">Themen<\/h1><p style=\"color: white;\"><span style=\"font-weight: 400;\">Bildung in guter Qualit\u00e4t setzt voraus, dass Lehrpersonen gut ausgebildet und innerhalb der Bildungssysteme unterst\u00fctzt werden.<\/span>\u00a0<\/p>\t\t\t\t\t\t\t\t<\/div>\n\t\t\t\t<\/div>\n\t\t\t\t\t<\/div>\n\t\t<\/div>\n\t\t\t\t\t<\/div>\n\t\t<\/section>\n\t\t\t\t<section class=\"elementor-section elementor-top-section elementor-element elementor-element-e5fb169 animated-fast elementor-section-boxed elementor-section-height-default elementor-section-height-default\" data-id=\"e5fb169\" data-element_type=\"section\" data-e-type=\"section\" data-settings=\"{&quot;animation&quot;:&quot;none&quot;}\">\n\t\t\t\t\t\t<div class=\"elementor-container elementor-column-gap-default\">\n\t\t\t\t\t<div class=\"elementor-column elementor-col-50 elementor-top-column elementor-element elementor-element-8f5da1a\" data-id=\"8f5da1a\" data-element_type=\"column\" data-e-type=\"column\" data-settings=\"{&quot;background_background&quot;:&quot;classic&quot;}\">\n\t\t\t<div class=\"elementor-widget-wrap elementor-element-populated\">\n\t\t\t\t\t\t<div class=\"elementor-element elementor-element-15cd74c elementor-widget elementor-widget-spacer\" data-id=\"15cd74c\" data-element_type=\"widget\" data-e-type=\"widget\" data-widget_type=\"spacer.default\">\n\t\t\t\t<div class=\"elementor-widget-container\">\n\t\t\t\t\t\t\t<div class=\"elementor-spacer\">\n\t\t\t<div class=\"elementor-spacer-inner\"><\/div>\n\t\t<\/div>\n\t\t\t\t\t\t<\/div>\n\t\t\t\t<\/div>\n\t\t\t\t\t<\/div>\n\t\t<\/div>\n\t\t\t\t<div class=\"elementor-column elementor-col-50 elementor-top-column elementor-element elementor-element-af15765\" data-id=\"af15765\" data-element_type=\"column\" data-e-type=\"column\" data-settings=\"{&quot;background_background&quot;:&quot;classic&quot;}\">\n\t\t\t<div class=\"elementor-widget-wrap elementor-element-populated\">\n\t\t\t\t\t\t<div class=\"elementor-element elementor-element-9f943a8 elementor-widget elementor-widget-text-editor\" data-id=\"9f943a8\" data-element_type=\"widget\" data-e-type=\"widget\" data-widget_type=\"text-editor.default\">\n\t\t\t\t<div class=\"elementor-widget-container\">\n\t\t\t\t\t\t\t\t\t<h2 style=\"color: white;\">Ausbildung von Lehrpersonen f\u00fcr gute Bildungsqualit\u00e4t<\/h2><p>Bildung in guter Qualit\u00e4t setzt voraus, dass Lehrpersonen gut ausgebildet und innerhalb der Bildungssysteme unterst\u00fctzt werden.<\/p><p><a style=\"color: white;\" href=\"https:\/\/reci-education.ch\/de\/themen\/lehrerinnen-ausbildung-fuer-gute-bildungsqualitaet\/\">Mehr erfahren \u276f<\/a><\/p>\t\t\t\t\t\t\t\t<\/div>\n\t\t\t\t<\/div>\n\t\t\t\t\t<\/div>\n\t\t<\/div>\n\t\t\t\t\t<\/div>\n\t\t<\/section>\n\t\t\t\t<section class=\"elementor-section elementor-top-section elementor-element elementor-element-cd3033b elementor-reverse-mobile elementor-section-boxed elementor-section-height-default elementor-section-height-default\" data-id=\"cd3033b\" data-element_type=\"section\" data-e-type=\"section\" data-settings=\"{&quot;animation&quot;:&quot;none&quot;}\">\n\t\t\t\t\t\t<div class=\"elementor-container elementor-column-gap-default\">\n\t\t\t\t\t<div class=\"elementor-column elementor-col-50 elementor-top-column elementor-element elementor-element-4e2df05\" data-id=\"4e2df05\" data-element_type=\"column\" data-e-type=\"column\" data-settings=\"{&quot;background_background&quot;:&quot;classic&quot;}\">\n\t\t\t<div class=\"elementor-widget-wrap elementor-element-populated\">\n\t\t\t\t\t\t<div class=\"elementor-element elementor-element-5c8da20 elementor-widget elementor-widget-text-editor\" data-id=\"5c8da20\" data-element_type=\"widget\" data-e-type=\"widget\" data-widget_type=\"text-editor.default\">\n\t\t\t\t<div class=\"elementor-widget-container\">\n\t\t\t\t\t\t\t\t\t<h2 style=\"color: white;\">Bildung in Krisensituationen<\/h2><p><span style=\"font-weight: 400;\">In Krisensituationen ist qualitativ hochwertige und nachhaltige Bildung dringend n\u00f6tig, um verlorene Generationen zu verhindern und Zukunftsperspektiven zu schaffen.<\/span><\/p><p><a style=\"color: white;\" href=\"https:\/\/reci-education.ch\/de\/themen\/bildung-in-krisensituationen\/\">Mehr erfahren \u276f<\/a><\/p>\t\t\t\t\t\t\t\t<\/div>\n\t\t\t\t<\/div>\n\t\t\t\t\t<\/div>\n\t\t<\/div>\n\t\t\t\t<div class=\"elementor-column elementor-col-50 elementor-top-column elementor-element elementor-element-c2443a8\" data-id=\"c2443a8\" data-element_type=\"column\" data-e-type=\"column\" data-settings=\"{&quot;background_background&quot;:&quot;classic&quot;}\">\n\t\t\t<div class=\"elementor-widget-wrap elementor-element-populated\">\n\t\t\t\t\t\t<div class=\"elementor-element elementor-element-dc5ac1a elementor-widget elementor-widget-spacer\" data-id=\"dc5ac1a\" data-element_type=\"widget\" data-e-type=\"widget\" data-widget_type=\"spacer.default\">\n\t\t\t\t<div class=\"elementor-widget-container\">\n\t\t\t\t\t\t\t<div class=\"elementor-spacer\">\n\t\t\t<div class=\"elementor-spacer-inner\"><\/div>\n\t\t<\/div>\n\t\t\t\t\t\t<\/div>\n\t\t\t\t<\/div>\n\t\t\t\t\t<\/div>\n\t\t<\/div>\n\t\t\t\t\t<\/div>\n\t\t<\/section>\n\t\t\t\t<section class=\"elementor-section elementor-top-section elementor-element elementor-element-303fa0f animated-fast elementor-section-boxed elementor-section-height-default elementor-section-height-default\" data-id=\"303fa0f\" data-element_type=\"section\" data-e-type=\"section\" data-settings=\"{&quot;animation&quot;:&quot;none&quot;}\">\n\t\t\t\t\t\t<div class=\"elementor-container elementor-column-gap-default\">\n\t\t\t\t\t<div class=\"elementor-column elementor-col-50 elementor-top-column elementor-element elementor-element-48ed048\" data-id=\"48ed048\" data-element_type=\"column\" data-e-type=\"column\" data-settings=\"{&quot;background_background&quot;:&quot;classic&quot;}\">\n\t\t\t<div class=\"elementor-widget-wrap elementor-element-populated\">\n\t\t\t\t\t\t<div class=\"elementor-element elementor-element-63c2290 elementor-widget elementor-widget-spacer\" data-id=\"63c2290\" data-element_type=\"widget\" data-e-type=\"widget\" data-widget_type=\"spacer.default\">\n\t\t\t\t<div class=\"elementor-widget-container\">\n\t\t\t\t\t\t\t<div class=\"elementor-spacer\">\n\t\t\t<div class=\"elementor-spacer-inner\"><\/div>\n\t\t<\/div>\n\t\t\t\t\t\t<\/div>\n\t\t\t\t<\/div>\n\t\t\t\t\t<\/div>\n\t\t<\/div>\n\t\t\t\t<div class=\"elementor-column elementor-col-50 elementor-top-column elementor-element elementor-element-a49d315\" data-id=\"a49d315\" data-element_type=\"column\" data-e-type=\"column\" data-settings=\"{&quot;background_background&quot;:&quot;classic&quot;}\">\n\t\t\t<div class=\"elementor-widget-wrap elementor-element-populated\">\n\t\t\t\t\t\t<div class=\"elementor-element elementor-element-1c7b060 elementor-widget elementor-widget-text-editor\" data-id=\"1c7b060\" data-element_type=\"widget\" data-e-type=\"widget\" data-widget_type=\"text-editor.default\">\n\t\t\t\t<div class=\"elementor-widget-container\">\n\t\t\t\t\t\t\t\t\t<h2 style=\"color: white;\">Skills und lebenslanges Lernen<\/h2><p class=\"p1\">Bildung ist ein kontinuierlicher Prozess, der \u00fcber die Jahre der formalen Schulbildung<\/p><p><a style=\"color: white;\" href=\"https:\/\/reci-education.ch\/de\/themen\/das-kontinuum-grundbildung-berufsbildung-menschenwuerdige-arbeit\/\">Mehr erfahren \u276f<\/a><\/p>\t\t\t\t\t\t\t\t<\/div>\n\t\t\t\t<\/div>\n\t\t\t\t\t<\/div>\n\t\t<\/div>\n\t\t\t\t\t<\/div>\n\t\t<\/section>\n\t\t\t\t<section class=\"elementor-section elementor-top-section elementor-element elementor-element-bea2562 elementor-reverse-mobile elementor-section-boxed elementor-section-height-default elementor-section-height-default\" data-id=\"bea2562\" data-element_type=\"section\" data-e-type=\"section\">\n\t\t\t\t\t\t<div class=\"elementor-container elementor-column-gap-default\">\n\t\t\t\t\t<div class=\"elementor-column elementor-col-50 elementor-top-column elementor-element elementor-element-2c9f950\" data-id=\"2c9f950\" data-element_type=\"column\" data-e-type=\"column\" data-settings=\"{&quot;background_background&quot;:&quot;classic&quot;}\">\n\t\t\t<div class=\"elementor-widget-wrap elementor-element-populated\">\n\t\t\t\t\t\t<div class=\"elementor-element elementor-element-37530cb elementor-widget elementor-widget-text-editor\" data-id=\"37530cb\" data-element_type=\"widget\" data-e-type=\"widget\" data-widget_type=\"text-editor.default\">\n\t\t\t\t<div class=\"elementor-widget-container\">\n\t\t\t\t\t\t\t\t\t<h2 style=\"color: white;\">Partizipative Methoden<\/h2><p>Das RECI hat sich zum Ziel gesetzt, nicht nur dar\u00fcber zu sprechen, welche interaktiven Methoden im Unterricht sinnvoll sind, sondern selber innovative und partizipative Formen des gegenseitigen Lernens zu nutzen und die Methodenfertigkeiten im Netzwerk zu st\u00e4rken.<\/p><p><a style=\"color: white;\" href=\"https:\/\/reci-education.ch\/de\/themen\/participatory\/\">Mehr erfahren \u276f<\/a><\/p>\t\t\t\t\t\t\t\t<\/div>\n\t\t\t\t<\/div>\n\t\t\t\t\t<\/div>\n\t\t<\/div>\n\t\t\t\t<div class=\"elementor-column elementor-col-50 elementor-top-column elementor-element elementor-element-73f27d8\" data-id=\"73f27d8\" data-element_type=\"column\" data-e-type=\"column\" data-settings=\"{&quot;background_background&quot;:&quot;classic&quot;}\">\n\t\t\t<div class=\"elementor-widget-wrap elementor-element-populated\">\n\t\t\t\t\t\t<div class=\"elementor-element elementor-element-89fda95 elementor-widget elementor-widget-spacer\" data-id=\"89fda95\" data-element_type=\"widget\" data-e-type=\"widget\" data-widget_type=\"spacer.default\">\n\t\t\t\t<div class=\"elementor-widget-container\">\n\t\t\t\t\t\t\t<div class=\"elementor-spacer\">\n\t\t\t<div class=\"elementor-spacer-inner\"><\/div>\n\t\t<\/div>\n\t\t\t\t\t\t<\/div>\n\t\t\t\t<\/div>\n\t\t\t\t\t<\/div>\n\t\t<\/div>\n\t\t\t\t\t<\/div>\n\t\t<\/section>\n\t\t\t\t<section class=\"elementor-section elementor-top-section elementor-element elementor-element-53082dd elementor-section-boxed elementor-section-height-default elementor-section-height-default\" data-id=\"53082dd\" data-element_type=\"section\" data-e-type=\"section\">\n\t\t\t\t\t\t<div class=\"elementor-container elementor-column-gap-default\">\n\t\t\t\t\t<div class=\"elementor-column elementor-col-50 elementor-top-column elementor-element elementor-element-28b7d3f\" data-id=\"28b7d3f\" data-element_type=\"column\" data-e-type=\"column\" data-settings=\"{&quot;background_background&quot;:&quot;classic&quot;}\">\n\t\t\t<div class=\"elementor-widget-wrap elementor-element-populated\">\n\t\t\t\t\t\t<div class=\"elementor-element elementor-element-11229cd elementor-widget elementor-widget-spacer\" data-id=\"11229cd\" data-element_type=\"widget\" data-e-type=\"widget\" data-widget_type=\"spacer.default\">\n\t\t\t\t<div class=\"elementor-widget-container\">\n\t\t\t\t\t\t\t<div class=\"elementor-spacer\">\n\t\t\t<div class=\"elementor-spacer-inner\"><\/div>\n\t\t<\/div>\n\t\t\t\t\t\t<\/div>\n\t\t\t\t<\/div>\n\t\t\t\t\t<\/div>\n\t\t<\/div>\n\t\t\t\t<div class=\"elementor-column elementor-col-50 elementor-top-column elementor-element elementor-element-ff188dc\" data-id=\"ff188dc\" data-element_type=\"column\" data-e-type=\"column\" data-settings=\"{&quot;background_background&quot;:&quot;classic&quot;}\">\n\t\t\t<div class=\"elementor-widget-wrap elementor-element-populated\">\n\t\t\t\t\t\t<div class=\"elementor-element elementor-element-4cfc550 elementor-widget elementor-widget-text-editor\" data-id=\"4cfc550\" data-element_type=\"widget\" data-e-type=\"widget\" data-widget_type=\"text-editor.default\">\n\t\t\t\t<div class=\"elementor-widget-container\">\n\t\t\t\t\t\t\t\t\t<h2 style=\"color: white;\">Bildung, Menschenrechte und die SDGs<\/h2><p><span style=\"font-weight: 400;\">Bildung\u202fist ein Menschenrecht &#8211; und Mittel und Voraussetzung, um alle anderen Menschenrechte zu verwirklichen. Bildung ist auch ein eigenst\u00e4ndiges nachhaltiges Entwicklungsziel (SDG 4) und Mittel und Voraussetzung, um die anderen nachhaltigen Entwicklungsziele zu erreichen.<\/span><\/p><p><a style=\"color: white;\" href=\"https:\/\/reci-education.ch\/de\/themen\/sdgs\/\">Mehr erfahren \u276f<\/a><\/p>\t\t\t\t\t\t\t\t<\/div>\n\t\t\t\t<\/div>\n\t\t\t\t\t<\/div>\n\t\t<\/div>\n\t\t\t\t\t<\/div>\n\t\t<\/section>\n\t\t\t\t<\/div>\n\t\t","protected":false},"excerpt":{"rendered":"<p>Themen Bildung in guter Qualit\u00e4t setzt voraus, dass Lehrpersonen gut ausgebildet und innerhalb der Bildungssysteme unterst\u00fctzt werden.\u00a0 Ausbildung von Lehrpersonen f\u00fcr gute Bildungsqualit\u00e4t Bildung in guter Qualit\u00e4t setzt voraus, dass Lehrpersonen gut ausgebildet und innerhalb der Bildungssysteme unterst\u00fctzt werden. Mehr erfahren \u276f Bildung in Krisensituationen In Krisensituationen ist qualitativ hochwertige und nachhaltige Bildung dringend n\u00f6tig, [&hellip;]<\/p>\n","protected":false},"author":1,"featured_media":0,"parent":0,"menu_order":0,"comment_status":"closed","ping_status":"closed","template":"","meta":{"_acf_changed":false,"footnotes":""},"class_list":["post-44","page","type-page","status-publish","hentry","wpbf-post"],"acf":[],"yoast_head":"<!-- This site is optimized with the Yoast SEO Premium plugin v26.2 (Yoast SEO v27.2) - https:\/\/yoast.com\/product\/yoast-seo-premium-wordpress\/ -->\n<title>RECI | Themen<\/title>\n<meta name=\"description\" content=\"Hochwertige Bildung setzt voraus, dass Lehrkr\u00e4fte gut ausgebildet sind und in den Bildungssystemen unterst\u00fctzt werden. Hier k\u00f6nnen Sie unsere verschiedenen Themen finden.\" \/>\n<meta name=\"robots\" content=\"index, follow, max-snippet:-1, max-image-preview:large, max-video-preview:-1\" \/>\n<link rel=\"canonical\" href=\"https:\/\/reci-fobbiz.ch\/de\/themen\/\" \/>\n<meta property=\"og:locale\" content=\"de_DE\" \/>\n<meta property=\"og:type\" content=\"article\" \/>\n<meta property=\"og:title\" content=\"Themen\" \/>\n<meta property=\"og:description\" content=\"Hochwertige Bildung setzt voraus, dass Lehrkr\u00e4fte gut ausgebildet sind und in den Bildungssystemen unterst\u00fctzt werden. Hier k\u00f6nnen Sie unsere verschiedenen Themen finden.\" \/>\n<meta property=\"og:url\" content=\"https:\/\/reci-fobbiz.ch\/de\/themen\/\" \/>\n<meta property=\"og:site_name\" content=\"RECI\" \/>\n<meta property=\"article:modified_time\" content=\"2026-02-19T09:49:11+00:00\" \/>\n<meta property=\"og:image\" content=\"https:\/\/reci-fobbiz.ch\/wp-content\/uploads\/2022\/04\/20220713_Logo_RECI_RGB_en.png\" \/>\n\t<meta property=\"og:image:width\" content=\"759\" \/>\n\t<meta property=\"og:image:height\" content=\"405\" \/>\n\t<meta property=\"og:image:type\" content=\"image\/png\" \/>\n<meta name=\"twitter:card\" content=\"summary_large_image\" \/>\n<meta name=\"twitter:label1\" content=\"Gesch\u00e4tzte Lesezeit\" \/>\n\t<meta name=\"twitter:data1\" content=\"1\u00a0Minute\" \/>\n<script type=\"application\/ld+json\" class=\"yoast-schema-graph\">{\"@context\":\"https:\/\/schema.org\",\"@graph\":[{\"@type\":\"WebPage\",\"@id\":\"https:\/\/reci-fobbiz.ch\/de\/themen\/\",\"url\":\"https:\/\/reci-fobbiz.ch\/de\/themen\/\",\"name\":\"RECI | Themen\",\"isPartOf\":{\"@id\":\"https:\/\/reci-fobbiz.ch\/de\/#website\"},\"datePublished\":\"2022-04-14T08:16:53+00:00\",\"dateModified\":\"2026-02-19T09:49:11+00:00\",\"description\":\"Hochwertige Bildung setzt voraus, dass Lehrkr\u00e4fte gut ausgebildet sind und in den Bildungssystemen unterst\u00fctzt werden. Hier k\u00f6nnen Sie unsere verschiedenen Themen finden.\",\"breadcrumb\":{\"@id\":\"https:\/\/reci-fobbiz.ch\/de\/themen\/#breadcrumb\"},\"inLanguage\":\"de\",\"potentialAction\":[{\"@type\":\"ReadAction\",\"target\":[\"https:\/\/reci-fobbiz.ch\/de\/themen\/\"]}]},{\"@type\":\"BreadcrumbList\",\"@id\":\"https:\/\/reci-fobbiz.ch\/de\/themen\/#breadcrumb\",\"itemListElement\":[{\"@type\":\"ListItem\",\"position\":1,\"name\":\"Startseite\",\"item\":\"https:\/\/reci-fobbiz.ch\/de\/\"},{\"@type\":\"ListItem\",\"position\":2,\"name\":\"Themen\"}]},{\"@type\":\"WebSite\",\"@id\":\"https:\/\/reci-fobbiz.ch\/de\/#website\",\"url\":\"https:\/\/reci-fobbiz.ch\/de\/\",\"name\":\"RECI\",\"description\":\"Swiss Network for Education &amp; International Cooperation\",\"publisher\":{\"@id\":\"https:\/\/reci-fobbiz.ch\/de\/#organization\"},\"alternateName\":\"RECI\",\"potentialAction\":[{\"@type\":\"SearchAction\",\"target\":{\"@type\":\"EntryPoint\",\"urlTemplate\":\"https:\/\/reci-fobbiz.ch\/de\/?s={search_term_string}\"},\"query-input\":{\"@type\":\"PropertyValueSpecification\",\"valueRequired\":true,\"valueName\":\"search_term_string\"}}],\"inLanguage\":\"de\"},{\"@type\":\"Organization\",\"@id\":\"https:\/\/reci-fobbiz.ch\/de\/#organization\",\"name\":\"RECI | Swiss Network for Education & International Cooperation\",\"alternateName\":\"RECI\",\"url\":\"https:\/\/reci-fobbiz.ch\/de\/\",\"logo\":{\"@type\":\"ImageObject\",\"inLanguage\":\"de\",\"@id\":\"https:\/\/reci-fobbiz.ch\/de\/#\/schema\/logo\/image\/\",\"url\":\"https:\/\/reci-fobbiz.ch\/wp-content\/uploads\/2023\/10\/Reci-Swiss-Network-for-Education-and-International-Cooperation.png\",\"contentUrl\":\"https:\/\/reci-fobbiz.ch\/wp-content\/uploads\/2023\/10\/Reci-Swiss-Network-for-Education-and-International-Cooperation.png\",\"width\":216,\"height\":216,\"caption\":\"RECI | Swiss Network for Education & International Cooperation\"},\"image\":{\"@id\":\"https:\/\/reci-fobbiz.ch\/de\/#\/schema\/logo\/image\/\"},\"sameAs\":[\"https:\/\/www.linkedin.com\/company\/reci-swiss-network-for-education-and-international-cooperation\/\",\"https:\/\/www.youtube.com\/channel\/UCxP6ErTwaK-Z8EA7XtFiUvQ\"]}]}<\/script>\n<!-- \/ Yoast SEO Premium plugin. -->","yoast_head_json":{"title":"RECI | Themen","description":"Hochwertige Bildung setzt voraus, dass Lehrkr\u00e4fte gut ausgebildet sind und in den Bildungssystemen unterst\u00fctzt werden. Hier k\u00f6nnen Sie unsere verschiedenen Themen finden.","robots":{"index":"index","follow":"follow","max-snippet":"max-snippet:-1","max-image-preview":"max-image-preview:large","max-video-preview":"max-video-preview:-1"},"canonical":"https:\/\/reci-fobbiz.ch\/de\/themen\/","og_locale":"de_DE","og_type":"article","og_title":"Themen","og_description":"Hochwertige Bildung setzt voraus, dass Lehrkr\u00e4fte gut ausgebildet sind und in den Bildungssystemen unterst\u00fctzt werden. Hier k\u00f6nnen Sie unsere verschiedenen Themen finden.","og_url":"https:\/\/reci-fobbiz.ch\/de\/themen\/","og_site_name":"RECI","article_modified_time":"2026-02-19T09:49:11+00:00","og_image":[{"width":759,"height":405,"url":"https:\/\/reci-fobbiz.ch\/wp-content\/uploads\/2022\/04\/20220713_Logo_RECI_RGB_en.png","type":"image\/png"}],"twitter_card":"summary_large_image","twitter_misc":{"Gesch\u00e4tzte Lesezeit":"1\u00a0Minute"},"schema":{"@context":"https:\/\/schema.org","@graph":[{"@type":"WebPage","@id":"https:\/\/reci-fobbiz.ch\/de\/themen\/","url":"https:\/\/reci-fobbiz.ch\/de\/themen\/","name":"RECI | Themen","isPartOf":{"@id":"https:\/\/reci-fobbiz.ch\/de\/#website"},"datePublished":"2022-04-14T08:16:53+00:00","dateModified":"2026-02-19T09:49:11+00:00","description":"Hochwertige Bildung setzt voraus, dass Lehrkr\u00e4fte gut ausgebildet sind und in den Bildungssystemen unterst\u00fctzt werden. Hier k\u00f6nnen Sie unsere verschiedenen Themen finden.","breadcrumb":{"@id":"https:\/\/reci-fobbiz.ch\/de\/themen\/#breadcrumb"},"inLanguage":"de","potentialAction":[{"@type":"ReadAction","target":["https:\/\/reci-fobbiz.ch\/de\/themen\/"]}]},{"@type":"BreadcrumbList","@id":"https:\/\/reci-fobbiz.ch\/de\/themen\/#breadcrumb","itemListElement":[{"@type":"ListItem","position":1,"name":"Startseite","item":"https:\/\/reci-fobbiz.ch\/de\/"},{"@type":"ListItem","position":2,"name":"Themen"}]},{"@type":"WebSite","@id":"https:\/\/reci-fobbiz.ch\/de\/#website","url":"https:\/\/reci-fobbiz.ch\/de\/","name":"RECI","description":"Swiss Network for Education &amp; International Cooperation","publisher":{"@id":"https:\/\/reci-fobbiz.ch\/de\/#organization"},"alternateName":"RECI","potentialAction":[{"@type":"SearchAction","target":{"@type":"EntryPoint","urlTemplate":"https:\/\/reci-fobbiz.ch\/de\/?s={search_term_string}"},"query-input":{"@type":"PropertyValueSpecification","valueRequired":true,"valueName":"search_term_string"}}],"inLanguage":"de"},{"@type":"Organization","@id":"https:\/\/reci-fobbiz.ch\/de\/#organization","name":"RECI | Swiss Network for Education & International Cooperation","alternateName":"RECI","url":"https:\/\/reci-fobbiz.ch\/de\/","logo":{"@type":"ImageObject","inLanguage":"de","@id":"https:\/\/reci-fobbiz.ch\/de\/#\/schema\/logo\/image\/","url":"https:\/\/reci-fobbiz.ch\/wp-content\/uploads\/2023\/10\/Reci-Swiss-Network-for-Education-and-International-Cooperation.png","contentUrl":"https:\/\/reci-fobbiz.ch\/wp-content\/uploads\/2023\/10\/Reci-Swiss-Network-for-Education-and-International-Cooperation.png","width":216,"height":216,"caption":"RECI | Swiss Network for Education & International Cooperation"},"image":{"@id":"https:\/\/reci-fobbiz.ch\/de\/#\/schema\/logo\/image\/"},"sameAs":["https:\/\/www.linkedin.com\/company\/reci-swiss-network-for-education-and-international-cooperation\/","https:\/\/www.youtube.com\/channel\/UCxP6ErTwaK-Z8EA7XtFiUvQ"]}]}},"_links":{"self":[{"href":"https:\/\/reci-fobbiz.ch\/de\/wp-json\/wp\/v2\/pages\/44","targetHints":{"allow":["GET"]}}],"collection":[{"href":"https:\/\/reci-fobbiz.ch\/de\/wp-json\/wp\/v2\/pages"}],"about":[{"href":"https:\/\/reci-fobbiz.ch\/de\/wp-json\/wp\/v2\/types\/page"}],"author":[{"embeddable":true,"href":"https:\/\/reci-fobbiz.ch\/de\/wp-json\/wp\/v2\/users\/1"}],"replies":[{"embeddable":true,"href":"https:\/\/reci-fobbiz.ch\/de\/wp-json\/wp\/v2\/comments?post=44"}],"version-history":[{"count":10,"href":"https:\/\/reci-fobbiz.ch\/de\/wp-json\/wp\/v2\/pages\/44\/revisions"}],"predecessor-version":[{"id":18390,"href":"https:\/\/reci-fobbiz.ch\/de\/wp-json\/wp\/v2\/pages\/44\/revisions\/18390"}],"wp:attachment":[{"href":"https:\/\/reci-fobbiz.ch\/de\/wp-json\/wp\/v2\/media?parent=44"}],"curies":[{"name":"wp","href":"https:\/\/api.w.org\/{rel}","templated":true}]}}