{"id":40,"date":"2022-04-14T08:16:16","date_gmt":"2022-04-14T08:16:16","guid":{"rendered":"https:\/\/reci-education.ch\/?page_id=40"},"modified":"2026-04-03T15:31:36","modified_gmt":"2026-04-03T15:31:36","slug":"ueber-das-reci-fobbiz","status":"publish","type":"page","link":"https:\/\/reci-fobbiz.ch\/de\/ueber-das-reci-fobbiz\/","title":{"rendered":"\u00dcber uns"},"content":{"rendered":"\t\t<div data-elementor-type=\"wp-page\" data-elementor-id=\"40\" class=\"elementor elementor-40\" data-elementor-post-type=\"page\">\n\t\t\t\t\t\t<section class=\"elementor-section elementor-top-section elementor-element elementor-element-0048b15 elementor-section-stretched elementor-section-boxed elementor-section-height-default elementor-section-height-default\" data-id=\"0048b15\" data-element_type=\"section\" data-e-type=\"section\" data-settings=\"{&quot;background_background&quot;:&quot;classic&quot;,&quot;stretch_section&quot;:&quot;section-stretched&quot;,&quot;animation&quot;:&quot;none&quot;}\">\n\t\t\t\t\t\t<div class=\"elementor-container elementor-column-gap-default\">\n\t\t\t\t\t<div class=\"elementor-column elementor-col-100 elementor-top-column elementor-element elementor-element-c5aeedb\" data-id=\"c5aeedb\" data-element_type=\"column\" data-e-type=\"column\">\n\t\t\t<div class=\"elementor-widget-wrap elementor-element-populated\">\n\t\t\t\t\t\t<div class=\"elementor-element elementor-element-7d80b57 elementor-widget elementor-widget-text-editor\" data-id=\"7d80b57\" data-element_type=\"widget\" data-e-type=\"widget\" data-widget_type=\"text-editor.default\">\n\t\t\t\t<div class=\"elementor-widget-container\">\n\t\t\t\t\t\t\t\t\t<h1 style=\"color: white;\">\u00dcber uns<\/h1><p>Das RECI-FoBBIZ ist das Schweizer Netzwerk f\u00fcr Bildung und Berufsbildung in der internationalen Zusammenarbeit. Es vereint NGOs, akademische Institutionen, Stiftungen sowie Expert*innen, um die Bedeutung des lebenslangen Lernens zu f\u00f6rdern.<\/p>\t\t\t\t\t\t\t\t<\/div>\n\t\t\t\t<\/div>\n\t\t\t\t\t<\/div>\n\t\t<\/div>\n\t\t\t\t\t<\/div>\n\t\t<\/section>\n\t\t\t\t<section class=\"elementor-section elementor-top-section elementor-element elementor-element-047957c elementor-section-content-middle animated-fast elementor-section-boxed elementor-section-height-default elementor-section-height-default\" data-id=\"047957c\" data-element_type=\"section\" data-e-type=\"section\" data-settings=\"{&quot;animation&quot;:&quot;none&quot;}\">\n\t\t\t\t\t\t<div class=\"elementor-container elementor-column-gap-no\">\n\t\t\t\t\t<div class=\"elementor-column elementor-col-100 elementor-top-column elementor-element elementor-element-be225ae\" data-id=\"be225ae\" data-element_type=\"column\" data-e-type=\"column\">\n\t\t\t<div class=\"elementor-widget-wrap elementor-element-populated\">\n\t\t\t\t\t\t<div class=\"elementor-element elementor-element-f4df42a elementor-widget elementor-widget-image\" data-id=\"f4df42a\" data-element_type=\"widget\" data-e-type=\"widget\" data-widget_type=\"image.default\">\n\t\t\t\t<div class=\"elementor-widget-container\">\n\t\t\t\t\t\t\t\t\t\t\t\t<figure class=\"wp-caption\">\n\t\t\t\t\t\t\t\t\t\t<img fetchpriority=\"high\" decoding=\"async\" width=\"784\" height=\"396\" src=\"https:\/\/reci-fobbiz.ch\/wp-content\/uploads\/2022\/07\/RECI-About-e1657554660246.png\" class=\"attachment-large size-large wp-image-1771\" alt=\"\" srcset=\"https:\/\/reci-fobbiz.ch\/wp-content\/uploads\/2022\/07\/RECI-About-e1657554660246.png 784w, https:\/\/reci-fobbiz.ch\/wp-content\/uploads\/2022\/07\/RECI-About-e1657554660246-300x152.png 300w, https:\/\/reci-fobbiz.ch\/wp-content\/uploads\/2022\/07\/RECI-About-e1657554660246-768x388.png 768w\" sizes=\"(max-width: 784px) 100vw, 784px\" \/>\t\t\t\t\t\t\t\t\t\t\t<figcaption class=\"widget-image-caption wp-caption-text\">\u00a9 Right to Play<\/figcaption>\n\t\t\t\t\t\t\t\t\t\t<\/figure>\n\t\t\t\t\t\t\t\t\t<\/div>\n\t\t\t\t<\/div>\n\t\t\t\t\t<\/div>\n\t\t<\/div>\n\t\t\t\t\t<\/div>\n\t\t<\/section>\n\t\t\t\t<section class=\"elementor-section elementor-top-section elementor-element elementor-element-131d23d elementor-section-boxed elementor-section-height-default elementor-section-height-default\" data-id=\"131d23d\" data-element_type=\"section\" data-e-type=\"section\">\n\t\t\t\t\t\t<div class=\"elementor-container elementor-column-gap-default\">\n\t\t\t\t\t<div class=\"elementor-column elementor-col-100 elementor-top-column elementor-element elementor-element-835a8be\" data-id=\"835a8be\" data-element_type=\"column\" data-e-type=\"column\">\n\t\t\t<div class=\"elementor-widget-wrap elementor-element-populated\">\n\t\t\t\t\t\t<div class=\"elementor-element elementor-element-663d9fe elementor-widget elementor-widget-text-editor\" data-id=\"663d9fe\" data-element_type=\"widget\" data-e-type=\"widget\" data-widget_type=\"text-editor.default\">\n\t\t\t\t<div class=\"elementor-widget-container\">\n\t\t\t\t\t\t\t\t\t<p><span style=\"font-weight: 400;\">Wir sind ein unabh\u00e4ngiges, gemeinn\u00fctziges Netzwerk, das sich f\u00fcr das Recht auf inklusive und gerechte Qualit\u00e4tsbildung und lebenslanges Lernen f\u00fcr alle einsetzt.\u00a0<\/span><\/p><p><span style=\"font-weight: 400;\">RECI-FoBBIZ-Mitglieder sind in der Schweiz ans\u00e4ssige NGOs, akademische Institutionen und Fachpersonen, die im Bereich Bildung und internationale Zusammenarbeit t\u00e4tig sind.\u00a0<\/span><\/p><p><span style=\"font-weight: 400;\">\u00dcber seine Mitglieder erreicht das RECI-FoBBIZ mehr als 60 L\u00e4nder in Afrika, Lateinamerika, Asien und Osteuropa.<\/span><\/p>\t\t\t\t\t\t\t\t<\/div>\n\t\t\t\t<\/div>\n\t\t\t\t\t<\/div>\n\t\t<\/div>\n\t\t\t\t\t<\/div>\n\t\t<\/section>\n\t\t\t\t<section class=\"elementor-section elementor-top-section elementor-element elementor-element-1ab29ba elementor-section-boxed elementor-section-height-default elementor-section-height-default\" data-id=\"1ab29ba\" data-element_type=\"section\" data-e-type=\"section\">\n\t\t\t\t\t\t<div class=\"elementor-container elementor-column-gap-default\">\n\t\t\t\t\t<div class=\"elementor-column elementor-col-50 elementor-top-column elementor-element elementor-element-03fbd1b\" data-id=\"03fbd1b\" data-element_type=\"column\" data-e-type=\"column\">\n\t\t\t<div class=\"elementor-widget-wrap elementor-element-populated\">\n\t\t\t\t\t\t<div class=\"elementor-element elementor-element-c328132 elementor-widget elementor-widget-image\" data-id=\"c328132\" data-element_type=\"widget\" data-e-type=\"widget\" data-widget_type=\"image.default\">\n\t\t\t\t<div class=\"elementor-widget-container\">\n\t\t\t\t\t\t\t\t\t\t\t\t\t\t\t<img decoding=\"async\" width=\"141\" height=\"141\" src=\"https:\/\/reci-fobbiz.ch\/wp-content\/uploads\/2022\/04\/RECI-Logo-white.svg\" class=\"attachment-large size-large wp-image-1720\" alt=\"\" \/>\t\t\t\t\t\t\t\t\t\t\t\t\t\t\t<\/div>\n\t\t\t\t<\/div>\n\t\t\t\t<div class=\"elementor-element elementor-element-2506ec5 elementor-widget elementor-widget-text-editor\" data-id=\"2506ec5\" data-element_type=\"widget\" data-e-type=\"widget\" data-widget_type=\"text-editor.default\">\n\t\t\t\t<div class=\"elementor-widget-container\">\n\t\t\t\t\t\t\t\t\t<h2>Unsere Aufgabe&#8230;<\/h2><p><span style=\"font-weight: 400;\">&#8230; ist es, die Wirkung von Schweizer Organisationen auf die internationale Bildungspraxis und -politik zu verst\u00e4rken. Die Agenda 2030 f\u00fcr nachhaltige Entwicklung, genannt die SDGs, und internationale Menschenrechtsabkommen bilden den Rahmen f\u00fcr unsere Arbeit.<\/span><\/p>\t\t\t\t\t\t\t\t<\/div>\n\t\t\t\t<\/div>\n\t\t\t\t\t<\/div>\n\t\t<\/div>\n\t\t\t\t<div class=\"elementor-column elementor-col-50 elementor-top-column elementor-element elementor-element-dbb9536\" data-id=\"dbb9536\" data-element_type=\"column\" data-e-type=\"column\">\n\t\t\t<div class=\"elementor-widget-wrap elementor-element-populated\">\n\t\t\t\t\t\t<div class=\"elementor-element elementor-element-9b70e9c elementor-widget elementor-widget-image\" data-id=\"9b70e9c\" data-element_type=\"widget\" data-e-type=\"widget\" data-widget_type=\"image.default\">\n\t\t\t\t<div class=\"elementor-widget-container\">\n\t\t\t\t\t\t\t\t\t\t\t\t\t\t\t<img decoding=\"async\" width=\"141\" height=\"141\" src=\"https:\/\/reci-fobbiz.ch\/wp-content\/uploads\/2022\/04\/RECI-Logo-white.svg\" class=\"attachment-large size-large wp-image-1720\" alt=\"\" \/>\t\t\t\t\t\t\t\t\t\t\t\t\t\t\t<\/div>\n\t\t\t\t<\/div>\n\t\t\t\t<div class=\"elementor-element elementor-element-1cb800b elementor-widget elementor-widget-text-editor\" data-id=\"1cb800b\" data-element_type=\"widget\" data-e-type=\"widget\" data-widget_type=\"text-editor.default\">\n\t\t\t\t<div class=\"elementor-widget-container\">\n\t\t\t\t\t\t\t\t\t<h2>Unsere Vision<\/h2><p><span style=\"font-weight: 400;\">Wir setzen uns ein f\u00fcr eine Welt, in der das Recht aller Menschen auf Zugang zu einer qualitativ guten, inklusiven und gleichberechtigen Bildung und zu lebenslangem Lernen verwirklicht wird.<\/span><\/p><p><a href=\"https:\/\/reci-education.ch\/themen\/sdgs\/\">Bildung, Menschenrechte und SDGs \u276f<\/a><\/p>\t\t\t\t\t\t\t\t<\/div>\n\t\t\t\t<\/div>\n\t\t\t\t\t<\/div>\n\t\t<\/div>\n\t\t\t\t\t<\/div>\n\t\t<\/section>\n\t\t\t\t<section class=\"elementor-section elementor-top-section elementor-element elementor-element-77da8d5 elementor-section-boxed elementor-section-height-default elementor-section-height-default\" data-id=\"77da8d5\" data-element_type=\"section\" data-e-type=\"section\">\n\t\t\t\t\t\t<div class=\"elementor-container elementor-column-gap-default\">\n\t\t\t\t\t<div class=\"elementor-column elementor-col-100 elementor-top-column elementor-element elementor-element-34b0ef7\" data-id=\"34b0ef7\" data-element_type=\"column\" data-e-type=\"column\">\n\t\t\t<div class=\"elementor-widget-wrap elementor-element-populated\">\n\t\t\t\t\t\t<div class=\"elementor-element elementor-element-4d7245a elementor-widget elementor-widget-image\" data-id=\"4d7245a\" data-element_type=\"widget\" data-e-type=\"widget\" data-widget_type=\"image.default\">\n\t\t\t\t<div class=\"elementor-widget-container\">\n\t\t\t\t\t\t\t\t\t\t\t\t\t\t\t<img decoding=\"async\" width=\"141\" height=\"141\" src=\"https:\/\/reci-fobbiz.ch\/wp-content\/uploads\/2022\/04\/RECI-Logo-white.svg\" class=\"attachment-large size-large wp-image-1720\" alt=\"\" \/>\t\t\t\t\t\t\t\t\t\t\t\t\t\t\t<\/div>\n\t\t\t\t<\/div>\n\t\t\t\t<div class=\"elementor-element elementor-element-cf7fd37 elementor-widget elementor-widget-text-editor\" data-id=\"cf7fd37\" data-element_type=\"widget\" data-e-type=\"widget\" data-widget_type=\"text-editor.default\">\n\t\t\t\t<div class=\"elementor-widget-container\">\n\t\t\t\t\t\t\t\t\t<h2>Unsere Arbeit<\/h2>\t\t\t\t\t\t\t\t<\/div>\n\t\t\t\t<\/div>\n\t\t\t\t\t<\/div>\n\t\t<\/div>\n\t\t\t\t\t<\/div>\n\t\t<\/section>\n\t\t\t\t<section class=\"elementor-section elementor-top-section elementor-element elementor-element-f263e2f elementor-section-boxed elementor-section-height-default elementor-section-height-default\" data-id=\"f263e2f\" data-element_type=\"section\" data-e-type=\"section\">\n\t\t\t\t\t\t<div class=\"elementor-container elementor-column-gap-default\">\n\t\t\t\t\t<div class=\"elementor-column elementor-col-25 elementor-top-column elementor-element elementor-element-b6534e2\" data-id=\"b6534e2\" data-element_type=\"column\" data-e-type=\"column\" data-settings=\"{&quot;background_background&quot;:&quot;classic&quot;}\">\n\t\t\t<div class=\"elementor-widget-wrap elementor-element-populated\">\n\t\t\t\t\t\t<div class=\"elementor-element elementor-element-3973395 elementor-widget elementor-widget-text-editor\" data-id=\"3973395\" data-element_type=\"widget\" data-e-type=\"widget\" data-widget_type=\"text-editor.default\">\n\t\t\t\t<div class=\"elementor-widget-container\">\n\t\t\t\t\t\t\t\t\t<h3>Themen<\/h3>\n<span style=\"font-weight: 400;\">Wir f\u00f6rdern den Austausch und das gegenseitige Lernen zu Themen, die f\u00fcr die Verbesserung des Zugangs zu qualitativ guter Bildung weltweit relevant sind<\/span><br><br><br>\n\n<a href=\"https:\/\/reci-education.ch\/themen\/\">Themen \u276f<\/a>\t\t\t\t\t\t\t\t<\/div>\n\t\t\t\t<\/div>\n\t\t\t\t\t<\/div>\n\t\t<\/div>\n\t\t\t\t<div class=\"elementor-column elementor-col-25 elementor-top-column elementor-element elementor-element-420a140\" data-id=\"420a140\" data-element_type=\"column\" data-e-type=\"column\" data-settings=\"{&quot;background_background&quot;:&quot;classic&quot;}\">\n\t\t\t<div class=\"elementor-widget-wrap elementor-element-populated\">\n\t\t\t\t\t\t<div class=\"elementor-element elementor-element-50eced8 elementor-widget elementor-widget-text-editor\" data-id=\"50eced8\" data-element_type=\"widget\" data-e-type=\"widget\" data-widget_type=\"text-editor.default\">\n\t\t\t\t<div class=\"elementor-widget-container\">\n\t\t\t\t\t\t\t\t\t<h3>Events<\/h3>\n<span style=\"font-weight: 400;\">Wir organisieren Workshops, Konferenzen und Webinare f\u00fcr den Erfahrungsaustausch und das gegenseitige Lernen unter unseren Mitgliedern, Partnern und einer breiteren interessierten \u00d6ffentlichkeit.<\/span>\n<br><br>\n<a href=\"https:\/\/reci-education.ch\/events\/\">Events \u276f<\/a>\t\t\t\t\t\t\t\t<\/div>\n\t\t\t\t<\/div>\n\t\t\t\t\t<\/div>\n\t\t<\/div>\n\t\t\t\t<div class=\"elementor-column elementor-col-25 elementor-top-column elementor-element elementor-element-c6f73e6\" data-id=\"c6f73e6\" data-element_type=\"column\" data-e-type=\"column\" data-settings=\"{&quot;background_background&quot;:&quot;classic&quot;}\">\n\t\t\t<div class=\"elementor-widget-wrap elementor-element-populated\">\n\t\t\t\t\t\t<div class=\"elementor-element elementor-element-95a5a80 elementor-widget elementor-widget-text-editor\" data-id=\"95a5a80\" data-element_type=\"widget\" data-e-type=\"widget\" data-widget_type=\"text-editor.default\">\n\t\t\t\t<div class=\"elementor-widget-container\">\n\t\t\t\t\t\t\t\t\t<h3>Tools<\/h3>\n<span style=\"font-weight: 400;\">Wir entwickeln gemeinsam Empfehlungen und praktische Hilfsmittel, die helfen, das Recht auf Bildung f\u00fcr alle weltweit zu verwirklichen.<\/span>\n<br><br><br>\n\n<a href=\"https:\/\/reci-education.ch\/ressourcen\/\">Ressource \u276f<\/a>\t\t\t\t\t\t\t\t<\/div>\n\t\t\t\t<\/div>\n\t\t\t\t\t<\/div>\n\t\t<\/div>\n\t\t\t\t<div class=\"elementor-column elementor-col-25 elementor-top-column elementor-element elementor-element-fede02f\" data-id=\"fede02f\" data-element_type=\"column\" data-e-type=\"column\" data-settings=\"{&quot;background_background&quot;:&quot;classic&quot;}\">\n\t\t\t<div class=\"elementor-widget-wrap elementor-element-populated\">\n\t\t\t\t\t\t<div class=\"elementor-element elementor-element-5189bdc elementor-widget elementor-widget-text-editor\" data-id=\"5189bdc\" data-element_type=\"widget\" data-e-type=\"widget\" data-widget_type=\"text-editor.default\">\n\t\t\t\t<div class=\"elementor-widget-container\">\n\t\t\t\t\t\t\t\t\t<h3>Engagement<\/h3>\n<span style=\"font-weight: 400;\">Wir engagieren uns anwaltschaftlich als Stimme der Schweizer Zivilgesellschaft zum Thema Recht auf qualitativ gute Bildung f\u00fcr alle.<\/span>\n<br><br><br>\n\n<a href=\"https:\/\/reci-education.ch\/themen\/sdgs\/\">Bildung &amp; Menschenrechte \u276f<\/a>\t\t\t\t\t\t\t\t<\/div>\n\t\t\t\t<\/div>\n\t\t\t\t\t<\/div>\n\t\t<\/div>\n\t\t\t\t\t<\/div>\n\t\t<\/section>\n\t\t\t\t<\/div>\n\t\t","protected":false},"excerpt":{"rendered":"<p>\u00dcber uns Das RECI-FoBBIZ ist das Schweizer Netzwerk f\u00fcr Bildung und Berufsbildung in der internationalen Zusammenarbeit. Es vereint NGOs, akademische Institutionen, Stiftungen sowie Expert*innen, um die Bedeutung des lebenslangen Lernens zu f\u00f6rdern. \u00a9 Right to Play Wir sind ein unabh\u00e4ngiges, gemeinn\u00fctziges Netzwerk, das sich f\u00fcr das Recht auf inklusive und gerechte Qualit\u00e4tsbildung und lebenslanges Lernen [&hellip;]<\/p>\n","protected":false},"author":1,"featured_media":0,"parent":0,"menu_order":0,"comment_status":"closed","ping_status":"closed","template":"","meta":{"_acf_changed":false,"footnotes":""},"class_list":["post-40","page","type-page","status-publish","hentry","wpbf-post"],"acf":[],"yoast_head":"<!-- This site is optimized with the Yoast SEO Premium plugin v26.2 (Yoast SEO v27.2) - https:\/\/yoast.com\/product\/yoast-seo-premium-wordpress\/ -->\n<title>RECI | \u00dcber uns<\/title>\n<meta name=\"robots\" content=\"index, follow, max-snippet:-1, max-image-preview:large, max-video-preview:-1\" \/>\n<link rel=\"canonical\" href=\"https:\/\/reci-fobbiz.ch\/de\/ueber-das-reci-fobbiz\/\" \/>\n<meta property=\"og:locale\" content=\"de_DE\" \/>\n<meta property=\"og:type\" content=\"article\" \/>\n<meta property=\"og:title\" content=\"\u00dcber uns\" \/>\n<meta property=\"og:description\" content=\"\u00dcber uns Das RECI-FoBBIZ ist das Schweizer Netzwerk f\u00fcr Bildung und Berufsbildung in der internationalen Zusammenarbeit. Es vereint NGOs, akademische Institutionen, Stiftungen sowie Expert*innen, um die Bedeutung des lebenslangen Lernens zu f\u00f6rdern. \u00a9 Right to Play Wir sind ein unabh\u00e4ngiges, gemeinn\u00fctziges Netzwerk, das sich f\u00fcr das Recht auf inklusive und gerechte Qualit\u00e4tsbildung und lebenslanges Lernen [&hellip;]\" \/>\n<meta property=\"og:url\" content=\"https:\/\/reci-fobbiz.ch\/de\/ueber-das-reci-fobbiz\/\" \/>\n<meta property=\"og:site_name\" content=\"RECI\" \/>\n<meta property=\"article:modified_time\" content=\"2026-04-03T15:31:36+00:00\" \/>\n<meta property=\"og:image\" content=\"https:\/\/reci-fobbiz.ch\/wp-content\/uploads\/2022\/07\/RECI-About-e1657554660246.png\" \/>\n\t<meta property=\"og:image:width\" content=\"784\" \/>\n\t<meta property=\"og:image:height\" content=\"396\" \/>\n\t<meta property=\"og:image:type\" content=\"image\/png\" \/>\n<meta name=\"twitter:card\" content=\"summary_large_image\" \/>\n<meta name=\"twitter:label1\" content=\"Gesch\u00e4tzte Lesezeit\" \/>\n\t<meta name=\"twitter:data1\" content=\"3\u00a0Minuten\" \/>\n<script type=\"application\/ld+json\" class=\"yoast-schema-graph\">{\"@context\":\"https:\/\/schema.org\",\"@graph\":[{\"@type\":\"WebPage\",\"@id\":\"https:\/\/reci-fobbiz.ch\/de\/ueber-das-reci-fobbiz\/\",\"url\":\"https:\/\/reci-fobbiz.ch\/de\/ueber-das-reci-fobbiz\/\",\"name\":\"RECI | \u00dcber uns\",\"isPartOf\":{\"@id\":\"https:\/\/reci-fobbiz.ch\/de\/#website\"},\"primaryImageOfPage\":{\"@id\":\"https:\/\/reci-fobbiz.ch\/de\/ueber-das-reci-fobbiz\/#primaryimage\"},\"image\":{\"@id\":\"https:\/\/reci-fobbiz.ch\/de\/ueber-das-reci-fobbiz\/#primaryimage\"},\"thumbnailUrl\":\"https:\/\/reci-fobbiz.ch\/wp-content\/uploads\/2022\/07\/RECI-About-e1657554660246.png\",\"datePublished\":\"2022-04-14T08:16:16+00:00\",\"dateModified\":\"2026-04-03T15:31:36+00:00\",\"breadcrumb\":{\"@id\":\"https:\/\/reci-fobbiz.ch\/de\/ueber-das-reci-fobbiz\/#breadcrumb\"},\"inLanguage\":\"de\",\"potentialAction\":[{\"@type\":\"ReadAction\",\"target\":[\"https:\/\/reci-fobbiz.ch\/de\/ueber-das-reci-fobbiz\/\"]}]},{\"@type\":\"ImageObject\",\"inLanguage\":\"de\",\"@id\":\"https:\/\/reci-fobbiz.ch\/de\/ueber-das-reci-fobbiz\/#primaryimage\",\"url\":\"https:\/\/reci-fobbiz.ch\/wp-content\/uploads\/2022\/07\/RECI-About-e1657554660246.png\",\"contentUrl\":\"https:\/\/reci-fobbiz.ch\/wp-content\/uploads\/2022\/07\/RECI-About-e1657554660246.png\"},{\"@type\":\"BreadcrumbList\",\"@id\":\"https:\/\/reci-fobbiz.ch\/de\/ueber-das-reci-fobbiz\/#breadcrumb\",\"itemListElement\":[{\"@type\":\"ListItem\",\"position\":1,\"name\":\"Startseite\",\"item\":\"https:\/\/reci-fobbiz.ch\/de\/\"},{\"@type\":\"ListItem\",\"position\":2,\"name\":\"\u00dcber uns\"}]},{\"@type\":\"WebSite\",\"@id\":\"https:\/\/reci-fobbiz.ch\/de\/#website\",\"url\":\"https:\/\/reci-fobbiz.ch\/de\/\",\"name\":\"RECI\",\"description\":\"Swiss Network for Education &amp; International Cooperation\",\"publisher\":{\"@id\":\"https:\/\/reci-fobbiz.ch\/de\/#organization\"},\"alternateName\":\"RECI\",\"potentialAction\":[{\"@type\":\"SearchAction\",\"target\":{\"@type\":\"EntryPoint\",\"urlTemplate\":\"https:\/\/reci-fobbiz.ch\/de\/?s={search_term_string}\"},\"query-input\":{\"@type\":\"PropertyValueSpecification\",\"valueRequired\":true,\"valueName\":\"search_term_string\"}}],\"inLanguage\":\"de\"},{\"@type\":\"Organization\",\"@id\":\"https:\/\/reci-fobbiz.ch\/de\/#organization\",\"name\":\"RECI | Swiss Network for Education & International Cooperation\",\"alternateName\":\"RECI\",\"url\":\"https:\/\/reci-fobbiz.ch\/de\/\",\"logo\":{\"@type\":\"ImageObject\",\"inLanguage\":\"de\",\"@id\":\"https:\/\/reci-fobbiz.ch\/de\/#\/schema\/logo\/image\/\",\"url\":\"https:\/\/reci-fobbiz.ch\/wp-content\/uploads\/2023\/10\/Reci-Swiss-Network-for-Education-and-International-Cooperation.png\",\"contentUrl\":\"https:\/\/reci-fobbiz.ch\/wp-content\/uploads\/2023\/10\/Reci-Swiss-Network-for-Education-and-International-Cooperation.png\",\"width\":216,\"height\":216,\"caption\":\"RECI | Swiss Network for Education & International Cooperation\"},\"image\":{\"@id\":\"https:\/\/reci-fobbiz.ch\/de\/#\/schema\/logo\/image\/\"},\"sameAs\":[\"https:\/\/www.linkedin.com\/company\/reci-swiss-network-for-education-and-international-cooperation\/\",\"https:\/\/www.youtube.com\/channel\/UCxP6ErTwaK-Z8EA7XtFiUvQ\"]}]}<\/script>\n<!-- \/ Yoast SEO Premium plugin. -->","yoast_head_json":{"title":"RECI | \u00dcber uns","robots":{"index":"index","follow":"follow","max-snippet":"max-snippet:-1","max-image-preview":"max-image-preview:large","max-video-preview":"max-video-preview:-1"},"canonical":"https:\/\/reci-fobbiz.ch\/de\/ueber-das-reci-fobbiz\/","og_locale":"de_DE","og_type":"article","og_title":"\u00dcber uns","og_description":"\u00dcber uns Das RECI-FoBBIZ ist das Schweizer Netzwerk f\u00fcr Bildung und Berufsbildung in der internationalen Zusammenarbeit. Es vereint NGOs, akademische Institutionen, Stiftungen sowie Expert*innen, um die Bedeutung des lebenslangen Lernens zu f\u00f6rdern. \u00a9 Right to Play Wir sind ein unabh\u00e4ngiges, gemeinn\u00fctziges Netzwerk, das sich f\u00fcr das Recht auf inklusive und gerechte Qualit\u00e4tsbildung und lebenslanges Lernen [&hellip;]","og_url":"https:\/\/reci-fobbiz.ch\/de\/ueber-das-reci-fobbiz\/","og_site_name":"RECI","article_modified_time":"2026-04-03T15:31:36+00:00","og_image":[{"width":784,"height":396,"url":"https:\/\/reci-fobbiz.ch\/wp-content\/uploads\/2022\/07\/RECI-About-e1657554660246.png","type":"image\/png"}],"twitter_card":"summary_large_image","twitter_misc":{"Gesch\u00e4tzte Lesezeit":"3\u00a0Minuten"},"schema":{"@context":"https:\/\/schema.org","@graph":[{"@type":"WebPage","@id":"https:\/\/reci-fobbiz.ch\/de\/ueber-das-reci-fobbiz\/","url":"https:\/\/reci-fobbiz.ch\/de\/ueber-das-reci-fobbiz\/","name":"RECI | \u00dcber uns","isPartOf":{"@id":"https:\/\/reci-fobbiz.ch\/de\/#website"},"primaryImageOfPage":{"@id":"https:\/\/reci-fobbiz.ch\/de\/ueber-das-reci-fobbiz\/#primaryimage"},"image":{"@id":"https:\/\/reci-fobbiz.ch\/de\/ueber-das-reci-fobbiz\/#primaryimage"},"thumbnailUrl":"https:\/\/reci-fobbiz.ch\/wp-content\/uploads\/2022\/07\/RECI-About-e1657554660246.png","datePublished":"2022-04-14T08:16:16+00:00","dateModified":"2026-04-03T15:31:36+00:00","breadcrumb":{"@id":"https:\/\/reci-fobbiz.ch\/de\/ueber-das-reci-fobbiz\/#breadcrumb"},"inLanguage":"de","potentialAction":[{"@type":"ReadAction","target":["https:\/\/reci-fobbiz.ch\/de\/ueber-das-reci-fobbiz\/"]}]},{"@type":"ImageObject","inLanguage":"de","@id":"https:\/\/reci-fobbiz.ch\/de\/ueber-das-reci-fobbiz\/#primaryimage","url":"https:\/\/reci-fobbiz.ch\/wp-content\/uploads\/2022\/07\/RECI-About-e1657554660246.png","contentUrl":"https:\/\/reci-fobbiz.ch\/wp-content\/uploads\/2022\/07\/RECI-About-e1657554660246.png"},{"@type":"BreadcrumbList","@id":"https:\/\/reci-fobbiz.ch\/de\/ueber-das-reci-fobbiz\/#breadcrumb","itemListElement":[{"@type":"ListItem","position":1,"name":"Startseite","item":"https:\/\/reci-fobbiz.ch\/de\/"},{"@type":"ListItem","position":2,"name":"\u00dcber uns"}]},{"@type":"WebSite","@id":"https:\/\/reci-fobbiz.ch\/de\/#website","url":"https:\/\/reci-fobbiz.ch\/de\/","name":"RECI","description":"Swiss Network for Education &amp; International Cooperation","publisher":{"@id":"https:\/\/reci-fobbiz.ch\/de\/#organization"},"alternateName":"RECI","potentialAction":[{"@type":"SearchAction","target":{"@type":"EntryPoint","urlTemplate":"https:\/\/reci-fobbiz.ch\/de\/?s={search_term_string}"},"query-input":{"@type":"PropertyValueSpecification","valueRequired":true,"valueName":"search_term_string"}}],"inLanguage":"de"},{"@type":"Organization","@id":"https:\/\/reci-fobbiz.ch\/de\/#organization","name":"RECI | Swiss Network for Education & International Cooperation","alternateName":"RECI","url":"https:\/\/reci-fobbiz.ch\/de\/","logo":{"@type":"ImageObject","inLanguage":"de","@id":"https:\/\/reci-fobbiz.ch\/de\/#\/schema\/logo\/image\/","url":"https:\/\/reci-fobbiz.ch\/wp-content\/uploads\/2023\/10\/Reci-Swiss-Network-for-Education-and-International-Cooperation.png","contentUrl":"https:\/\/reci-fobbiz.ch\/wp-content\/uploads\/2023\/10\/Reci-Swiss-Network-for-Education-and-International-Cooperation.png","width":216,"height":216,"caption":"RECI | Swiss Network for Education & International Cooperation"},"image":{"@id":"https:\/\/reci-fobbiz.ch\/de\/#\/schema\/logo\/image\/"},"sameAs":["https:\/\/www.linkedin.com\/company\/reci-swiss-network-for-education-and-international-cooperation\/","https:\/\/www.youtube.com\/channel\/UCxP6ErTwaK-Z8EA7XtFiUvQ"]}]}},"_links":{"self":[{"href":"https:\/\/reci-fobbiz.ch\/de\/wp-json\/wp\/v2\/pages\/40","targetHints":{"allow":["GET"]}}],"collection":[{"href":"https:\/\/reci-fobbiz.ch\/de\/wp-json\/wp\/v2\/pages"}],"about":[{"href":"https:\/\/reci-fobbiz.ch\/de\/wp-json\/wp\/v2\/types\/page"}],"author":[{"embeddable":true,"href":"https:\/\/reci-fobbiz.ch\/de\/wp-json\/wp\/v2\/users\/1"}],"replies":[{"embeddable":true,"href":"https:\/\/reci-fobbiz.ch\/de\/wp-json\/wp\/v2\/comments?post=40"}],"version-history":[{"count":10,"href":"https:\/\/reci-fobbiz.ch\/de\/wp-json\/wp\/v2\/pages\/40\/revisions"}],"predecessor-version":[{"id":18741,"href":"https:\/\/reci-fobbiz.ch\/de\/wp-json\/wp\/v2\/pages\/40\/revisions\/18741"}],"wp:attachment":[{"href":"https:\/\/reci-fobbiz.ch\/de\/wp-json\/wp\/v2\/media?parent=40"}],"curies":[{"name":"wp","href":"https:\/\/api.w.org\/{rel}","templated":true}]}}